{"id":10,"date":"2022-11-06T09:37:03","date_gmt":"2022-11-06T08:37:03","guid":{"rendered":"http:\/\/mimjphx.cluster029.hosting.ovh.net\/?page_id=10"},"modified":"2026-04-22T13:26:46","modified_gmt":"2026-04-22T11:26:46","slug":"accueil","status":"publish","type":"page","link":"https:\/\/labocroixblanche.fr\/index.php\/accueil\/","title":{"rendered":"Accueil"},"content":{"rendered":"\n<div class=\"wp-block-columns is-layout-flex wp-container-core-columns-is-layout-9d6595d7 wp-block-columns-is-layout-flex\">\n<div class=\"wp-block-column is-layout-flow wp-block-column-is-layout-flow\">\n<p class=\"has-text-align-left\">Le laboratoire vous accueille du lundi au vendredi de 7H15 \u00e0 17H30 et le samedi de 7H30 \u00e0 12H00.<\/p>\n\n\n\n<p class=\"has-text-align-left\"><strong>HORAIRES DE PRELEVEMENT : <\/strong><\/p>\n\n\n\n<ul class=\"wp-block-list\">\n<li><strong> Du lundi au vendredi de 7H15 \u00e0 17H00 <\/strong><\/li>\n<\/ul>\n\n\n\n<ul class=\"wp-block-list\">\n<li><strong>Le samedi de 7H30 \u00e0 10H30.<\/strong><\/li>\n<\/ul>\n\n\n\n<p class=\"has-text-align-center\"><strong>Il n&rsquo;est pas n\u00e9cessaire de prendre rendez-vous pour les pr\u00e9l\u00e8vements sanguins.<\/strong><\/p>\n\n\n\n<p class=\"has-text-align-center\">Cependant, il est recommand\u00e9 de prendre rendez-vous pour les pr\u00e9l\u00e8vements sanguins pour les enfants de moins de 10 ans, les pr\u00e9l\u00e8vements sp\u00e9cifiques tels que les pr\u00e9l\u00e8vements gyn\u00e9cologiques, cutan\u00e9s, mycologiques ainsi que les pr\u00e9l\u00e8vements longs de type : tests respiratoires (<em>HELIKIT<\/em>, <em>Helicobacter Pylori<\/em>), tests de diab\u00e8te gestationnel (<em>HyperGlyc\u00e9mie Provoqu\u00e9e Orale HGPO<\/em>) et Prolactine Pool\u00e9e.<\/p>\n\n\n\n<p><strong>TESTS PCR Covid.19:<\/strong><\/p>\n\n\n\n<p>Actuellement, les tests PCR Covid.19 sont r\u00e9alis\u00e9s avec et sans rendez vous.<\/p>\n\n\n\n<p>ATTENTION, en cas de r\u00e9sultats dans un d\u00e9lai imp\u00e9ratif (<em>pr\u00e9-op\u00e9ratoire, voyage<\/em>), nous vous recommandons de contacter le laboratoire afin de pr\u00e9voir votre test dans les bons d\u00e9lais.<\/p>\n\n\n\n<p>En cas de doute, nous vous invitons \u00e0 joindre les secr\u00e9taires au 04.74.45.26.36 durant les horaires d&rsquo;ouverture.<\/p>\n\n\n\n<p>A noter que nous r\u00e9alisons les pr\u00e9l\u00e8vements jusqu&rsquo;\u00e0 17H00 en semaine et jusqu&rsquo;\u00e0 10H30 le samedi (<em>sauf contexte d&rsquo;urgence<\/em>).<\/p>\n<\/div>\n<\/div>\n","protected":false},"excerpt":{"rendered":"<p>Le laboratoire vous accueille du lundi au vendredi de 7H15 \u00e0 17H30 et le samedi de 7H30 \u00e0 12H00. HORAIRES DE PRELEVEMENT : Il n&rsquo;est pas n\u00e9cessaire de prendre rendez-vous pour les pr\u00e9l\u00e8vements sanguins. Cependant, il est recommand\u00e9 de prendre rendez-vous pour les pr\u00e9l\u00e8vements sanguins pour les enfants de moins de 10 ans, les pr\u00e9l\u00e8vements &hellip; <\/p>\n<p class=\"link-more\"><a href=\"https:\/\/labocroixblanche.fr\/index.php\/accueil\/\" class=\"more-link\">Continuer la lecture<span class=\"screen-reader-text\"> de &laquo;&nbsp;Accueil&nbsp;&raquo;<\/span><\/a><\/p>\n","protected":false},"author":1,"featured_media":0,"parent":0,"menu_order":0,"comment_status":"closed","ping_status":"closed","template":"","meta":{"footnotes":""},"class_list":["post-10","page","type-page","status-publish","hentry"],"_links":{"self":[{"href":"https:\/\/labocroixblanche.fr\/index.php\/wp-json\/wp\/v2\/pages\/10","targetHints":{"allow":["GET"]}}],"collection":[{"href":"https:\/\/labocroixblanche.fr\/index.php\/wp-json\/wp\/v2\/pages"}],"about":[{"href":"https:\/\/labocroixblanche.fr\/index.php\/wp-json\/wp\/v2\/types\/page"}],"author":[{"embeddable":true,"href":"https:\/\/labocroixblanche.fr\/index.php\/wp-json\/wp\/v2\/users\/1"}],"replies":[{"embeddable":true,"href":"https:\/\/labocroixblanche.fr\/index.php\/wp-json\/wp\/v2\/comments?post=10"}],"version-history":[{"count":36,"href":"https:\/\/labocroixblanche.fr\/index.php\/wp-json\/wp\/v2\/pages\/10\/revisions"}],"predecessor-version":[{"id":580,"href":"https:\/\/labocroixblanche.fr\/index.php\/wp-json\/wp\/v2\/pages\/10\/revisions\/580"}],"wp:attachment":[{"href":"https:\/\/labocroixblanche.fr\/index.php\/wp-json\/wp\/v2\/media?parent=10"}],"curies":[{"name":"wp","href":"https:\/\/api.w.org\/{rel}","templated":true}]}}