{"id":148,"date":"2022-11-06T18:10:58","date_gmt":"2022-11-06T17:10:58","guid":{"rendered":"https:\/\/labocroixblanche.fr\/?page_id=148"},"modified":"2025-02-07T14:16:01","modified_gmt":"2025-02-07T13:16:01","slug":"presentation-du-laboratoire","status":"publish","type":"page","link":"https:\/\/labocroixblanche.fr\/index.php\/presentation-globale\/presentation-du-laboratoire\/","title":{"rendered":"Pr\u00e9sentation du laboratoire"},"content":{"rendered":"\n<p>Le laboratoire de la Croix Blanche est accr\u00e9dit\u00e9 par le COFRAC  pour les examens m\u00e9dicaux (num\u00e9ro 8-3467, port\u00e9e disponible sur <a href=\"http:\/\/www.cofrac.fr\">www.cofrac.fr<\/a>) selon les exigences de la norme NF EN ISO 15189.<\/p>\n\n\n\n<div class=\"wp-block-group\"><div class=\"wp-block-group__inner-container is-layout-constrained wp-block-group-is-layout-constrained\">\n<div class=\"wp-block-columns is-layout-flex wp-container-core-columns-is-layout-9d6595d7 wp-block-columns-is-layout-flex\">\n<div class=\"wp-block-column is-vertically-aligned-center is-layout-flow wp-block-column-is-layout-flow\">\n<p><strong>Au sein du laboratoire, sont r\u00e9alis\u00e9s : <\/strong><\/p>\n\n\n\n<ul class=\"wp-block-list\">\n<li>Les pr\u00e9l\u00e8vements sanguins<\/li>\n\n\n\n<li class=\"justification_texte\">Les pr\u00e9l\u00e8vements bact\u00e9riologiques, mycologiques <\/li>\n\n\n\n<li>Les examens urinaires<\/li>\n\n\n\n<li>Les pr\u00e9l\u00e8vements vaginaux, ur\u00e9traux<\/li>\n\n\n\n<li>Les tests PCR COVID, Grippe&#8230;<\/li>\n\n\n\n<li>Les tests respiratoires \u00e0 l&rsquo;ur\u00e9e<\/li>\n\n\n\n<li>Les tests de diab\u00e8te gestationnel &#8230;<\/li>\n<\/ul>\n\n\n\n<p><strong>VACCINATION:<\/strong> Les vaccins ne sont pas r\u00e9alis\u00e9s au sein de notre laboratoire.<\/p>\n<\/div>\n\n\n\n<div class=\"wp-block-column is-vertically-aligned-center is-layout-flow wp-block-column-is-layout-flow\">\n<figure class=\"wp-block-image size-full is-resized\"><img loading=\"lazy\" decoding=\"async\" width=\"792\" height=\"1024\" src=\"https:\/\/labocroixblanche.fr\/wp-content\/uploads\/2023\/02\/Labo1-1.jpg\" alt=\"\" class=\"wp-image-286\" style=\"width:321px;height:auto\" srcset=\"https:\/\/labocroixblanche.fr\/wp-content\/uploads\/2023\/02\/Labo1-1.jpg 792w, https:\/\/labocroixblanche.fr\/wp-content\/uploads\/2023\/02\/Labo1-1-232x300.jpg 232w, https:\/\/labocroixblanche.fr\/wp-content\/uploads\/2023\/02\/Labo1-1-768x993.jpg 768w\" sizes=\"auto, (max-width: 706px) 89vw, (max-width: 767px) 82vw, 740px\" \/><\/figure>\n<\/div>\n<\/div>\n<\/div><\/div>\n\n\n\n<div class=\"wp-block-columns is-layout-flex wp-container-core-columns-is-layout-9d6595d7 wp-block-columns-is-layout-flex\">\n<div class=\"wp-block-column is-vertically-aligned-center is-layout-flow wp-block-column-is-layout-flow\">\n<figure class=\"wp-block-image size-full is-resized\"><img loading=\"lazy\" decoding=\"async\" width=\"683\" height=\"1024\" src=\"https:\/\/labocroixblanche.fr\/wp-content\/uploads\/2023\/02\/Machine1.jpg\" alt=\"\" class=\"wp-image-280\" srcset=\"https:\/\/labocroixblanche.fr\/wp-content\/uploads\/2023\/02\/Machine1.jpg 683w, https:\/\/labocroixblanche.fr\/wp-content\/uploads\/2023\/02\/Machine1-200x300.jpg 200w\" sizes=\"auto, (max-width: 683px) 100vw, 683px\" \/><\/figure>\n<\/div>\n\n\n\n<div class=\"wp-block-column is-vertically-aligned-center is-layout-flow wp-block-column-is-layout-flow\">\n<p class=\"justification_texte\">Certaines analyses peuvent \u00eatre techniqu\u00e9es par le laboratoire Cerba.<\/p>\n\n\n\n<p class=\"justification_texte\">Celles-ci n\u00e9cessitent un d\u00e9lai de rendu de r\u00e9sultats plus long. Cette information vous sera donn\u00e9e lors de l&rsquo;enregistrement de votre dossier \u00e0 l&rsquo;accueil. <\/p>\n\n\n\n<p class=\"has-text-align-left justification_texte\"><strong>Le laboratoire n&rsquo;assure pas les pr\u00e9l\u00e8vements \u00e0 domicile.<\/strong> En cas de besoin, nous vous invitons \u00e0 contacter les cabinets d&rsquo;infirmiers lib\u00e9raux pr\u00e8s de chez vous.<\/p>\n\n\n\n<p class=\"has-text-align-left justification_texte\">N\u00e9anmoins, nous sommes en mesure de vous donner quelques contacts.<\/p>\n\n\n\n<p class=\"has-text-align-left justification_texte\"><\/p>\n<\/div>\n<\/div>\n","protected":false},"excerpt":{"rendered":"<p>Le laboratoire de la Croix Blanche est accr\u00e9dit\u00e9 par le COFRAC pour les examens m\u00e9dicaux (num\u00e9ro 8-3467, port\u00e9e disponible sur www.cofrac.fr) selon les exigences de la norme NF EN ISO 15189. Au sein du laboratoire, sont r\u00e9alis\u00e9s : VACCINATION: Les vaccins ne sont pas r\u00e9alis\u00e9s au sein de notre laboratoire. Certaines analyses peuvent \u00eatre techniqu\u00e9es &hellip; <\/p>\n<p class=\"link-more\"><a href=\"https:\/\/labocroixblanche.fr\/index.php\/presentation-globale\/presentation-du-laboratoire\/\" class=\"more-link\">Continuer la lecture<span class=\"screen-reader-text\"> de &laquo;&nbsp;Pr\u00e9sentation du laboratoire&nbsp;&raquo;<\/span><\/a><\/p>\n","protected":false},"author":1,"featured_media":0,"parent":130,"menu_order":0,"comment_status":"closed","ping_status":"closed","template":"","meta":{"footnotes":""},"class_list":["post-148","page","type-page","status-publish","hentry"],"_links":{"self":[{"href":"https:\/\/labocroixblanche.fr\/index.php\/wp-json\/wp\/v2\/pages\/148","targetHints":{"allow":["GET"]}}],"collection":[{"href":"https:\/\/labocroixblanche.fr\/index.php\/wp-json\/wp\/v2\/pages"}],"about":[{"href":"https:\/\/labocroixblanche.fr\/index.php\/wp-json\/wp\/v2\/types\/page"}],"author":[{"embeddable":true,"href":"https:\/\/labocroixblanche.fr\/index.php\/wp-json\/wp\/v2\/users\/1"}],"replies":[{"embeddable":true,"href":"https:\/\/labocroixblanche.fr\/index.php\/wp-json\/wp\/v2\/comments?post=148"}],"version-history":[{"count":34,"href":"https:\/\/labocroixblanche.fr\/index.php\/wp-json\/wp\/v2\/pages\/148\/revisions"}],"predecessor-version":[{"id":537,"href":"https:\/\/labocroixblanche.fr\/index.php\/wp-json\/wp\/v2\/pages\/148\/revisions\/537"}],"up":[{"embeddable":true,"href":"https:\/\/labocroixblanche.fr\/index.php\/wp-json\/wp\/v2\/pages\/130"}],"wp:attachment":[{"href":"https:\/\/labocroixblanche.fr\/index.php\/wp-json\/wp\/v2\/media?parent=148"}],"curies":[{"name":"wp","href":"https:\/\/api.w.org\/{rel}","templated":true}]}}