{"id":75,"date":"2022-11-06T12:56:20","date_gmt":"2022-11-06T11:56:20","guid":{"rendered":"https:\/\/labocroixblanche.fr\/?page_id=75"},"modified":"2023-12-18T12:57:25","modified_gmt":"2023-12-18T11:57:25","slug":"documents-a-fournir","status":"publish","type":"page","link":"https:\/\/labocroixblanche.fr\/index.php\/documents-a-fournir\/","title":{"rendered":"Documents \u00e0 fournir"},"content":{"rendered":"\n<div class=\"wp-block-group\"><div class=\"wp-block-group__inner-container is-layout-constrained wp-block-group-is-layout-constrained\">\n<div class=\"wp-block-group\"><div class=\"wp-block-group__inner-container is-layout-constrained wp-block-group-is-layout-constrained\">\n<p>Lors de chaque passage au laboratoire et pour constituer votre dossier, il sera n\u00e9cessaire de pr\u00e9senter les documents suivants:<\/p>\n\n\n\n<ul class=\"wp-block-list\">\n<li><strong>Prescription m\u00e9dicale<\/strong><\/li>\n\n\n\n<li><strong>Carte vitale<\/strong> <em>(\u00e0 d\u00e9faut, votre attestation de s\u00e9curit\u00e9 sociale)<\/em><\/li>\n\n\n\n<li><strong>Carte de mutuelle<\/strong>. Concernant les compl\u00e9mentaires sant\u00e9 de type ACS, CMU, il sera indispensable de pr\u00e9senter un justificatif valable \u00e0 la date des soins.<\/li>\n<\/ul>\n<\/div><\/div>\n<\/div><\/div>\n\n\n\n<p class=\"justification_texte\"><strong>Pour r\u00e9pondre aux nouvelles exigences de la Caisse Primaire d&rsquo;assurance maladie, un justificatif d&rsquo;identit\u00e9 vous sera demand\u00e9. <\/strong><\/p>\n\n\n\n<p class=\"justification_texte\">Un justificatif d&rsquo;identit\u00e9 est obligatoire pour le groupage sanguin et les RAI.<\/p>\n\n\n\n<p class=\"justification_texte\">D&rsquo;autres documents plus sp\u00e9cifiques comme un consentement, une attestation de consultation, un compte-rendu \u00e9chographique, peuvent \u00e9galement \u00eatre n\u00e9cessaire pour la r\u00e9alisation de certaines analyses (<em>recherches g\u00e9n\u00e9tiques<\/em>).  <\/p>\n\n\n\n<p class=\"justification_texte\">Vous avez la possibilit\u00e9 de r\u00e9aliser <strong>\u00e0 vos frais<\/strong>, des analyses <strong>sans prescription m\u00e9dicale <\/strong><em>(sauf analyses g\u00e9n\u00e9tiques)<\/em>.<\/p>\n\n\n\n<p><strong>DEPISTAGE HIV:<\/strong><\/p>\n\n\n\n<p class=\"has-text-align-left\">Suite \u00e0 la campagne nationale de la s\u00e9curit\u00e9 sociale depuis le 1er janvier 2022, <strong>un d\u00e9pistage HIV peut \u00eatre r\u00e9aliser, sans avance de frais et sans prescription m\u00e9dicale. <\/strong>Il suffit de se pr\u00e9senter au laboratoire muni de votre carte vitale.<\/p>\n\n\n\n<p><strong>Tests PCR Covid.19 et s\u00e9rologie Covid.19: <\/strong><\/p>\n\n\n\n<p>Concernant les tests PCR Covid.19 et s\u00e9rologie Covid.19, merci de contacter le laboratoire afin d&rsquo;obtenir les conditions de prise en charge actuelles. <\/p>\n\n\n\n<p><strong>ACCUEIL DES MINEURS:<\/strong><\/p>\n\n\n\n<p>La biologie est une sp\u00e9cialit\u00e9 m\u00e9dicale. Les personnes <strong><em>mineures <\/em><\/strong>doivent donc \u00eatre <strong><em>accompagn\u00e9es d&rsquo;un majeur <\/em><\/strong>pour tout acte de pr\u00e9l\u00e8vement. Cependant, dans le cadre des <strong>analyses relatives aux IST et IVG<\/strong>, le <strong><em>patient mineur peut se pr\u00e9senter seul au laboratoire<\/em><\/strong> muni d&rsquo;une prescription m\u00e9dicale.<\/p>\n\n\n\n<p><strong>Aucun pr\u00e9l\u00e8vement ne peut \u00eatre r\u00e9alis\u00e9 sur une personne mineure sans prescription m\u00e9dicale.<\/strong> <em>A l&rsquo;exception des recueils d&rsquo;urines en cas de contexte d&rsquo;urgence.<\/em><\/p>\n\n\n\n<p class=\"justification_texte\"><strong>ANALYSES Hors Nomenclature:<\/strong><\/p>\n\n\n\n<p class=\"justification_texte\">Il existe un certain nombre d&rsquo;analyses dites \u00ab\u00a0<strong>HN<\/strong>\u00a0\u00bb (<em>Hors Nomenclature<\/em>). C&rsquo;est \u00e0 dire, <strong>non prise en charge par la s\u00e9curit\u00e9 sociale<\/strong> (<em>frais \u00e0 la charge du  patient<\/em>). Votre accord vous sera demand\u00e9 lors de l&rsquo;enregistrement de votre dossier \u00e0 l&rsquo;accueil, avant la r\u00e9alisation des d&rsquo;analyses. Vous avez la possibilit\u00e9 de refuser la r\u00e9alisation de ces examens et de vous rapprocher de votre m\u00e9decin.<\/p>\n\n\n\n<p>La biologiste se tient \u00e0 votre disposition pour tous renseignements compl\u00e9mentaires.<\/p>\n","protected":false},"excerpt":{"rendered":"<p>Lors de chaque passage au laboratoire et pour constituer votre dossier, il sera n\u00e9cessaire de pr\u00e9senter les documents suivants: Pour r\u00e9pondre aux nouvelles exigences de la Caisse Primaire d&rsquo;assurance maladie, un justificatif d&rsquo;identit\u00e9 vous sera demand\u00e9. Un justificatif d&rsquo;identit\u00e9 est obligatoire pour le groupage sanguin et les RAI. D&rsquo;autres documents plus sp\u00e9cifiques comme un consentement, &hellip; <\/p>\n<p class=\"link-more\"><a href=\"https:\/\/labocroixblanche.fr\/index.php\/documents-a-fournir\/\" class=\"more-link\">Continuer la lecture<span class=\"screen-reader-text\"> de &laquo;&nbsp;Documents \u00e0 fournir&nbsp;&raquo;<\/span><\/a><\/p>\n","protected":false},"author":1,"featured_media":0,"parent":0,"menu_order":0,"comment_status":"closed","ping_status":"closed","template":"","meta":{"footnotes":""},"class_list":["post-75","page","type-page","status-publish","hentry"],"_links":{"self":[{"href":"https:\/\/labocroixblanche.fr\/index.php\/wp-json\/wp\/v2\/pages\/75","targetHints":{"allow":["GET"]}}],"collection":[{"href":"https:\/\/labocroixblanche.fr\/index.php\/wp-json\/wp\/v2\/pages"}],"about":[{"href":"https:\/\/labocroixblanche.fr\/index.php\/wp-json\/wp\/v2\/types\/page"}],"author":[{"embeddable":true,"href":"https:\/\/labocroixblanche.fr\/index.php\/wp-json\/wp\/v2\/users\/1"}],"replies":[{"embeddable":true,"href":"https:\/\/labocroixblanche.fr\/index.php\/wp-json\/wp\/v2\/comments?post=75"}],"version-history":[{"count":32,"href":"https:\/\/labocroixblanche.fr\/index.php\/wp-json\/wp\/v2\/pages\/75\/revisions"}],"predecessor-version":[{"id":511,"href":"https:\/\/labocroixblanche.fr\/index.php\/wp-json\/wp\/v2\/pages\/75\/revisions\/511"}],"wp:attachment":[{"href":"https:\/\/labocroixblanche.fr\/index.php\/wp-json\/wp\/v2\/media?parent=75"}],"curies":[{"name":"wp","href":"https:\/\/api.w.org\/{rel}","templated":true}]}}