{"id":76,"date":"2022-11-06T12:56:20","date_gmt":"2022-11-06T11:56:20","guid":{"rendered":"https:\/\/labocroixblanche.fr\/?page_id=76"},"modified":"2024-10-09T16:01:39","modified_gmt":"2024-10-09T14:01:39","slug":"deroulement-dun-prelevement","status":"publish","type":"page","link":"https:\/\/labocroixblanche.fr\/index.php\/deroulement-dun-prelevement\/","title":{"rendered":"D\u00e9roulement d&rsquo;un pr\u00e9l\u00e8vement"},"content":{"rendered":"\n<div class=\"wp-block-group alignwide\"><div class=\"wp-block-group__inner-container is-layout-constrained wp-block-group-is-layout-constrained\">\n<div class=\"wp-block-media-text alignwide has-media-on-the-right is-stacked-on-mobile is-vertically-aligned-center has-background\" style=\"background-color:#f1f5c7\"><div class=\"wp-block-media-text__content\">\n<p class=\"justification_texte\">Nous prenons un soin tout particulier \u00e0 g\u00e9rer avec vous ce moment qui, pour certains, est source d&rsquo;inqui\u00e9tude. N&rsquo;h\u00e9sitez pas \u00e0 partager avec nous votre appr\u00e9hension, nous ferons de notre mieux pour vous mettre \u00e0 l&rsquo;aise.<\/p>\n\n\n\n<p class=\"justification_texte\">Apr\u00e8s votre passage \u00e0 l&rsquo;accueil, nous vous inviterons \u00e0 vous installer en salle d&rsquo;attente.<\/p>\n<\/div><figure class=\"wp-block-media-text__media\"><img loading=\"lazy\" decoding=\"async\" width=\"1024\" height=\"683\" src=\"https:\/\/labocroixblanche.fr\/wp-content\/uploads\/2023\/02\/Salle-dattente.jpg\" alt=\"\" class=\"wp-image-261 size-full\" srcset=\"https:\/\/labocroixblanche.fr\/wp-content\/uploads\/2023\/02\/Salle-dattente.jpg 1024w, https:\/\/labocroixblanche.fr\/wp-content\/uploads\/2023\/02\/Salle-dattente-300x200.jpg 300w, https:\/\/labocroixblanche.fr\/wp-content\/uploads\/2023\/02\/Salle-dattente-768x512.jpg 768w\" sizes=\"auto, (max-width: 706px) 89vw, (max-width: 767px) 82vw, 740px\" \/><\/figure><\/div>\n<\/div><\/div>\n\n\n\n<div class=\"wp-block-group has-background\" style=\"background-color:#f1f5c7;padding-top:2em;padding-right:2em;padding-bottom:2em;padding-left:2em\"><div class=\"wp-block-group__inner-container is-layout-flow wp-block-group-is-layout-flow\">\n<p class=\"justification_texte\">Une technicienne ou biologiste vous accompagnera ensuite en salle de pr\u00e9l\u00e8vement.<\/p>\n\n\n\n<p class=\"justification_texte\">Une confirmation d&rsquo;identit\u00e9 vous sera demand\u00e9e afin de pr\u00e9venir tout risque d&rsquo;homonymie.<\/p>\n\n\n\n<p class=\"justification_texte\">Un petit salon ind\u00e9pendant avec t\u00e9l\u00e9vision est \u00e0 votre disposition lors des pr\u00e9l\u00e8vements longs (test de diab\u00e8te gestationnel, pose de l&rsquo;urinocol pour les enfants&#8230;)<\/p>\n<\/div><\/div>\n\n\n\n<p><\/p>\n\n\n\n<div class=\"wp-block-media-text alignwide has-media-on-the-right is-stacked-on-mobile is-vertically-aligned-center has-background\" style=\"background-color:#f1f5c7\"><div class=\"wp-block-media-text__content\">\n<div class=\"wp-block-group\" style=\"padding-top:2em;padding-right:2em;padding-bottom:2em;padding-left:2em\"><div class=\"wp-block-group__inner-container is-layout-flow wp-block-group-is-layout-flow\">\n<p class=\"justification_texte\">Des renseignements cliniques compl\u00e9mentaires vous seront demand\u00e9s (traitement, pathologie, contexte clinique, &#8230;)<\/p>\n\n\n\n<p class=\"justification_texte\">Ces renseignements sont indispensables pour une bonne interpr\u00e9tation de vos r\u00e9sultats d&rsquo;analyses. <\/p>\n<\/div><\/div>\n<\/div><figure class=\"wp-block-media-text__media\"><img loading=\"lazy\" decoding=\"async\" width=\"1024\" height=\"683\" src=\"https:\/\/labocroixblanche.fr\/wp-content\/uploads\/2023\/02\/Labo2.jpg\" alt=\"\" class=\"wp-image-256 size-full\" srcset=\"https:\/\/labocroixblanche.fr\/wp-content\/uploads\/2023\/02\/Labo2.jpg 1024w, https:\/\/labocroixblanche.fr\/wp-content\/uploads\/2023\/02\/Labo2-300x200.jpg 300w, https:\/\/labocroixblanche.fr\/wp-content\/uploads\/2023\/02\/Labo2-768x512.jpg 768w\" sizes=\"auto, (max-width: 706px) 89vw, (max-width: 767px) 82vw, 740px\" \/><\/figure><\/div>\n","protected":false},"excerpt":{"rendered":"<p>Nous prenons un soin tout particulier \u00e0 g\u00e9rer avec vous ce moment qui, pour certains, est source d&rsquo;inqui\u00e9tude. N&rsquo;h\u00e9sitez pas \u00e0 partager avec nous votre appr\u00e9hension, nous ferons de notre mieux pour vous mettre \u00e0 l&rsquo;aise. Apr\u00e8s votre passage \u00e0 l&rsquo;accueil, nous vous inviterons \u00e0 vous installer en salle d&rsquo;attente. Une technicienne ou biologiste vous &hellip; <\/p>\n<p class=\"link-more\"><a href=\"https:\/\/labocroixblanche.fr\/index.php\/deroulement-dun-prelevement\/\" class=\"more-link\">Continuer la lecture<span class=\"screen-reader-text\"> de &laquo;&nbsp;D\u00e9roulement d&rsquo;un pr\u00e9l\u00e8vement&nbsp;&raquo;<\/span><\/a><\/p>\n","protected":false},"author":1,"featured_media":0,"parent":0,"menu_order":0,"comment_status":"closed","ping_status":"closed","template":"","meta":{"footnotes":""},"class_list":["post-76","page","type-page","status-publish","hentry"],"_links":{"self":[{"href":"https:\/\/labocroixblanche.fr\/index.php\/wp-json\/wp\/v2\/pages\/76","targetHints":{"allow":["GET"]}}],"collection":[{"href":"https:\/\/labocroixblanche.fr\/index.php\/wp-json\/wp\/v2\/pages"}],"about":[{"href":"https:\/\/labocroixblanche.fr\/index.php\/wp-json\/wp\/v2\/types\/page"}],"author":[{"embeddable":true,"href":"https:\/\/labocroixblanche.fr\/index.php\/wp-json\/wp\/v2\/users\/1"}],"replies":[{"embeddable":true,"href":"https:\/\/labocroixblanche.fr\/index.php\/wp-json\/wp\/v2\/comments?post=76"}],"version-history":[{"count":20,"href":"https:\/\/labocroixblanche.fr\/index.php\/wp-json\/wp\/v2\/pages\/76\/revisions"}],"predecessor-version":[{"id":527,"href":"https:\/\/labocroixblanche.fr\/index.php\/wp-json\/wp\/v2\/pages\/76\/revisions\/527"}],"wp:attachment":[{"href":"https:\/\/labocroixblanche.fr\/index.php\/wp-json\/wp\/v2\/media?parent=76"}],"curies":[{"name":"wp","href":"https:\/\/api.w.org\/{rel}","templated":true}]}}