{"id":77,"date":"2022-11-06T12:56:21","date_gmt":"2022-11-06T11:56:21","guid":{"rendered":"https:\/\/labocroixblanche.fr\/?page_id=77"},"modified":"2024-11-20T09:50:58","modified_gmt":"2024-11-20T08:50:58","slug":"vos-resultats","status":"publish","type":"page","link":"https:\/\/labocroixblanche.fr\/index.php\/vos-resultats\/","title":{"rendered":"Vos r\u00e9sultats"},"content":{"rendered":"\n<div class=\"wp-block-columns is-layout-flex wp-container-core-columns-is-layout-9d6595d7 wp-block-columns-is-layout-flex\">\n<div class=\"wp-block-column is-layout-flow wp-block-column-is-layout-flow\" style=\"flex-basis:33.33%\"><\/div>\n\n\n\n<div class=\"wp-block-column is-vertically-aligned-stretch is-layout-flow wp-block-column-is-layout-flow\" style=\"flex-basis:66.66%\">\n<p>Les r\u00e9sultats d&rsquo;analyses sont v\u00e9rifi\u00e9s et valid\u00e9s par la biologiste en coh\u00e9rence avec le dossier m\u00e9dical de chaque patient.<\/p>\n\n\n\n<p><strong>En cas d&rsquo;urgence ou de r\u00e9sultats pr\u00e9occupants, ils sont imm\u00e9diatement transmis au m\u00e9decin prescripteur ou au m\u00e9decin traitant par la biologiste. <\/strong><\/p>\n\n\n\n<p>Le d\u00e9lai de rendu des r\u00e9sultats peut vari\u00e9 en fonction des analyses prescrites par le m\u00e9decin. Cette information vous sera transmise oralement lors de votre passage \u00e0 l&rsquo;accueil le jour de votre pr\u00e9l\u00e8vement.<\/p>\n\n\n\n<p><strong>VOS RESULTATS: <\/strong><\/p>\n\n\n\n<p>Nous sommes en mesure de vous adresser vos r\u00e9sultats d&rsquo;analyses par mail direct avec un acc\u00e8s s\u00e9curis\u00e9.<\/p>\n\n\n\n<p>Il est \u00e9galement possible de les transmettre par voie postale, ou vous pouvez venir les r\u00e9cup\u00e9rer au laboratoire, muni du ticket de confidentialit\u00e9 qui vous sera remis \u00e0 l&rsquo;accueil le jour de votre pr\u00e9l\u00e8vement. Ce dernier peut \u00eatre confi\u00e9 \u00e0 une tierce personne.<\/p>\n\n\n\n<p><em>A l&rsquo;exception de quelques r\u00e9sultats d&rsquo;analyses que seul le m\u00e9decin prescripteur est le destinataire du compte-rendu (exemple: analyses g\u00e9n\u00e9tiques).<\/em><\/p>\n<\/div>\n<\/div>\n\n\n\n<p><strong>Les analyses <em>urgentes <\/em>sont trait\u00e9es et rendues <em>dans les 2 heures<\/em> par le laboratoire.<\/strong><\/p>\n\n\n\n<p><strong> La biologiste est pr\u00e9sente au laboratoire tous les jours et reste \u00e0 votre disposition pour toute question, tout conseil et toute pr\u00e9cision concernant vos r\u00e9sultats d&rsquo;analyses.<\/strong><\/p>\n\n\n\n<p><strong>ATTENTION <\/strong>:<strong> Les analyses r\u00e9alis\u00e9es dans le cadre d&rsquo;une suspension de permis de conduire n\u00e9cessite un d\u00e9lai de rendu de r\u00e9sultats pouvant aller de 7 \u00e0 14 jours. Nous vous recommandons de contacter le laboratoire afin de pr\u00e9voir votre pr\u00e9l\u00e8vement dans les bons d\u00e9lais.<\/strong><\/p>\n","protected":false},"excerpt":{"rendered":"<p>Les r\u00e9sultats d&rsquo;analyses sont v\u00e9rifi\u00e9s et valid\u00e9s par la biologiste en coh\u00e9rence avec le dossier m\u00e9dical de chaque patient. En cas d&rsquo;urgence ou de r\u00e9sultats pr\u00e9occupants, ils sont imm\u00e9diatement transmis au m\u00e9decin prescripteur ou au m\u00e9decin traitant par la biologiste. Le d\u00e9lai de rendu des r\u00e9sultats peut vari\u00e9 en fonction des analyses prescrites par le &hellip; <\/p>\n<p class=\"link-more\"><a href=\"https:\/\/labocroixblanche.fr\/index.php\/vos-resultats\/\" class=\"more-link\">Continuer la lecture<span class=\"screen-reader-text\"> de &laquo;&nbsp;Vos r\u00e9sultats&nbsp;&raquo;<\/span><\/a><\/p>\n","protected":false},"author":1,"featured_media":0,"parent":0,"menu_order":0,"comment_status":"closed","ping_status":"closed","template":"","meta":{"footnotes":""},"class_list":["post-77","page","type-page","status-publish","hentry"],"_links":{"self":[{"href":"https:\/\/labocroixblanche.fr\/index.php\/wp-json\/wp\/v2\/pages\/77","targetHints":{"allow":["GET"]}}],"collection":[{"href":"https:\/\/labocroixblanche.fr\/index.php\/wp-json\/wp\/v2\/pages"}],"about":[{"href":"https:\/\/labocroixblanche.fr\/index.php\/wp-json\/wp\/v2\/types\/page"}],"author":[{"embeddable":true,"href":"https:\/\/labocroixblanche.fr\/index.php\/wp-json\/wp\/v2\/users\/1"}],"replies":[{"embeddable":true,"href":"https:\/\/labocroixblanche.fr\/index.php\/wp-json\/wp\/v2\/comments?post=77"}],"version-history":[{"count":24,"href":"https:\/\/labocroixblanche.fr\/index.php\/wp-json\/wp\/v2\/pages\/77\/revisions"}],"predecessor-version":[{"id":535,"href":"https:\/\/labocroixblanche.fr\/index.php\/wp-json\/wp\/v2\/pages\/77\/revisions\/535"}],"wp:attachment":[{"href":"https:\/\/labocroixblanche.fr\/index.php\/wp-json\/wp\/v2\/media?parent=77"}],"curies":[{"name":"wp","href":"https:\/\/api.w.org\/{rel}","templated":true}]}}